{"id":4,"date":"2015-03-30T18:32:26","date_gmt":"2015-03-30T18:32:26","guid":{"rendered":"http:\/\/101airborne.be\/?page_id=4"},"modified":"2026-02-20T09:12:20","modified_gmt":"2026-02-20T08:12:20","slug":"acceuil","status":"publish","type":"page","link":"https:\/\/www.101airborne.be\/","title":{"rendered":"ACCUEIL"},"content":{"rendered":"<h1 style=\"text-align: center;\">Celles comm\u00e9more le 80\u00e8me anniversaire de la Bataille des Ardennes avec un programme riche en \u00e9motions<\/h1>\n<h4 style=\"text-align: center;\"><strong>Cet \u00e9v\u00e9nement est organis\u00e9 en partenariat avec notre club pour rendre un hommage particulier<br \/>\n<\/strong><strong>\u00e0 l&rsquo;engagement des troupes durant la bataille.<\/strong> \ud83e\udd1d<\/h4>\n<h3 style=\"text-align: center;\">\n<a style=\"font-weight: bold;\" href=\"https:\/\/fb.me\/e\/9mVpi6zj9\" target=\"_blank\" rel=\"noopener noreferrer\">Event Facebook<\/a><\/h3>\n<p style=\"text-align: center;\" data-sourcepos=\"5:1-5:72\">Voici un aper\u00e7u du programme festif et comm\u00e9moratif qui vous attend :<\/p>\n<p style=\"text-align: center;\"><strong>Concerts de musique militaire gratuits<\/strong> \ud83c\udfba<\/p>\n<p style=\"text-align: center;\"><strong>Comm\u00e9moration officielle<\/strong> \ud83c\udf96\ufe0f au carrefour du tank et au monument aux morts<\/p>\n<p style=\"text-align: center;\"><strong>Spectacles \u00ab\u00a0De l&rsquo;ombre \u00e0 la lumi\u00e8re\u00a0\u00bb<\/strong> \ud83c\udfad sur la place de l&rsquo;\u00e9glise, pour revivre l&rsquo;atmosph\u00e8re de l&rsquo;\u00e9poque \u00e0 travers des reconstitutions historiques.<\/p>\n<p style=\"text-align: center;\"><strong>Soir\u00e9e \u00ab\u00a0Lib\u00e9ration &rsquo;44\u00a0\u00bb<\/strong> \ud83e\udd73 \u00e0 la salle \u00ab\u00a0La Mirande\u00a0\u00bb, dans une ambiance conviviale.<\/p>\n<p style=\"text-align: center;\"><strong>D\u00e9part du convoi \u00ab\u00a0Hell on Wheels\u00a0\u00bb<\/strong>\u00a0vers Foy-Notre-Dame, avec un arr\u00eat repas, pour suivre les traces des lib\u00e9rateurs.<\/p>\n<p style=\"text-align: center;\"><strong>Campements, bivouacs et reconstitutions<\/strong> \ud83c\udfd5\ufe0f avec la pr\u00e9sence de v\u00e9hicules militaires alli\u00e9s pour plonger au c\u0153ur de l&rsquo;histoire.<\/p>\n<p style=\"text-align: center;\" data-sourcepos=\"14:1-14:55\"><strong>Retenez d\u00e9j\u00e0 les dates : du 8 au 25 d\u00e9cembre 2024 ! \ud83d\uddd3\ufe0f<\/strong><\/p>\n<p style=\"text-align: center;\" data-sourcepos=\"18:1-18:89\"><strong>Le 80\u00e8me anniversaire de la bataille des Ardennes \u00e0 Celles, un \u00e9v\u00e9nement \u00e0 ne pas manquer !!!<\/strong> \ud83e\udd29<\/p>\n<p style=\"text-align: center;\" data-sourcepos=\"20:1-20:63\">Pour plus d&rsquo;informations, restez connect\u00e9s sur :<\/p>\n<p style=\"text-align: center;\"><a href=\"http:\/\/www.tourismeculturecelles.be\">www.tourismeculturecelles.be<\/a><\/p>\n<p style=\"text-align: center;\"><a href=\"http:\/\/www.tourismehouyet.be\">www.tourismehouyet.be<\/a><\/p>\n<p style=\"text-align: center;\" data-sourcepos=\"25:1-25:30\">Ou contactez par e-mail :<\/p>\n<p style=\"text-align: center;\"><a href=\"mailto:info@tourismeculturecelles.be\">info@tourismeculturecelles.be<\/a><\/p>\n<p style=\"text-align: center;\"><a href=\"info@tourismehouyet.be\">info@tourismehouyet.be<\/a><\/p>\n<p style=\"text-align: center;\" data-sourcepos=\"30:1-30:86\">Nous avons h\u00e2te de partager ces moments de comm\u00e9moration et de partage avec vous ! \ud83d\udc4b<\/p>\n<hr \/>\n<p style=\"text-align: left;\">Cher visiteur,<\/p>\n<p>Bienvenue sur le site du club de la 101<sup>i\u00e8me<\/sup>\u00a0 Airborne.<\/p>\n<p>Nous sommes un groupe d\u2019amis qui toute l\u2019ann\u00e9e fait son possible pour honorer l\u2019histoire de la \u00a02<sup>i\u00e8me<\/sup> Guerre Mondiale, nous pratiquons la restauration d\u2019anciens v\u00e9hicules militaires et conservons pr\u00e9cieusement les uniformes d\u2019\u00e9poque.<\/p>\n<p>Ensemble, avec d\u2019autres clubs belges et avec l&rsquo;aide de nos pays voisins, nous parvenons \u00e0 partager notre passion \u00e0 un public toujours grandissant.<\/p>\n<p>Nous participons r\u00e9guli\u00e8rement \u00e0 diverses comm\u00e9morations historiques, balades et concentrations.<\/p>\n<p>Nous formons un v\u00e9ritable groupe d&rsquo;amis et y prenons part avec beaucoup de passion.<\/p>\n<p>N\u2019h\u00e9sitez surtout pas \u00e0 consulter notre album photo et notre agenda pour vous faire une id\u00e9e de nos activit\u00e9s.<\/p>\n<p><a href=\"https:\/\/www.facebook.com\/101AB326\/\" target=\"_blank\" rel=\"noopener noreferrer\"><img fetchpriority=\"high\" decoding=\"async\" class=\"alignnone size-medium wp-image-487\" src=\"http:\/\/101airborne.be\/HQ\/wp-content\/uploads\/2020\/03\/7029182-10755756-ljev72-300x212.jpg\" alt=\"\" width=\"300\" height=\"212\" \/><\/a><\/p>\n<div id=\"ConnectiveDocSignExtentionInstalled\" data-extension-version=\"1.0.4\"><\/div>\n","protected":false},"excerpt":{"rendered":"<p>Celles comm\u00e9more le 80\u00e8me anniversaire de la Bataille des Ardennes avec un programme riche en \u00e9motions Cet \u00e9v\u00e9nement est organis\u00e9 en partenariat avec notre club pour rendre un hommage particulier \u00e0 l&rsquo;engagement des troupes durant la bataille. \ud83e\udd1d Event Facebook Voici un aper\u00e7u du programme festif et comm\u00e9moratif qui vous attend : Concerts de musique [&hellip;]<\/p>\n","protected":false},"author":1,"featured_media":0,"parent":0,"menu_order":0,"comment_status":"open","ping_status":"open","template":"","meta":{"footnotes":""},"class_list":["post-4","page","type-page","status-publish","hentry"],"_links":{"self":[{"href":"https:\/\/www.101airborne.be\/index.php?rest_route=\/wp\/v2\/pages\/4","targetHints":{"allow":["GET"]}}],"collection":[{"href":"https:\/\/www.101airborne.be\/index.php?rest_route=\/wp\/v2\/pages"}],"about":[{"href":"https:\/\/www.101airborne.be\/index.php?rest_route=\/wp\/v2\/types\/page"}],"author":[{"embeddable":true,"href":"https:\/\/www.101airborne.be\/index.php?rest_route=\/wp\/v2\/users\/1"}],"replies":[{"embeddable":true,"href":"https:\/\/www.101airborne.be\/index.php?rest_route=%2Fwp%2Fv2%2Fcomments&post=4"}],"version-history":[{"count":71,"href":"https:\/\/www.101airborne.be\/index.php?rest_route=\/wp\/v2\/pages\/4\/revisions"}],"predecessor-version":[{"id":579,"href":"https:\/\/www.101airborne.be\/index.php?rest_route=\/wp\/v2\/pages\/4\/revisions\/579"}],"wp:attachment":[{"href":"https:\/\/www.101airborne.be\/index.php?rest_route=%2Fwp%2Fv2%2Fmedia&parent=4"}],"curies":[{"name":"wp","href":"https:\/\/api.w.org\/{rel}","templated":true}]}}